{"id":12944,"date":"2023-08-13T08:47:51","date_gmt":"2023-08-13T08:47:51","guid":{"rendered":"https:\/\/penbelarus.org\/?page_id=12944"},"modified":"2024-05-28T07:29:46","modified_gmt":"2024-05-28T07:29:46","slug":"palityka-pryvatnasczi-belaruskaga-pena","status":"publish","type":"page","link":"https:\/\/penbelarus.org\/en\/palityka-pryvatnasczi-belaruskaga-pena.html","title":{"rendered":"Privacy Policy of PEN Belarus (Bia\u0142oruski PEN)"},"content":{"rendered":"<p>The privacy policy describes what information we collect, for what purpose, how it is used, and, most importantly, \u2013 your rights.<\/p>\n<p>PEN Belarus approaches program participants, donors, partners, co-owners, employees, newsletter subscribers, visitors to its website, and those who entrust us with the processing of personal data with reverence.<\/p>\n<p><strong><u>Who processes the personal data?<\/u><\/strong><\/p>\n<p>Personal data you provide by using https:\/\/penbelarus.org\/, filling out questionnaires, applications, electronic forms addressed to PEN Belarus, concluding contracts, and subscribing to PEN Belarus&#8217;s newsletter are processed by:<\/p>\n<p><strong>PEN Belarus (Bia\u0142oruski PEN)<\/strong><\/p>\n<p><strong>Address: Rynek Starego Miasta 2, Warsaw, postal code 00-272, Poland<\/strong><\/p>\n<p><strong>NIP (tax identification number): 5252914647.<\/strong><\/p>\n<p>which is the controller of such data within the meaning of Regulation 2016\/679 of the European Parliament and of the Council of the European Union of April 27, 2016, on the protection of natural persons concerning the processing of personal data and on the free movement of such data, and the repeal of Directive 95\/46\/EU and Polish legislation.<\/p>\n<p>PEN Belarus receives only personal data that are provided voluntarily and are needed for specific purposes. Personal data are securely stored and protected from loss, destruction, misuse, and unauthorized access.<\/p>\n<p><strong><u>1.Purpose and time of holding personal data<\/u><\/strong><\/p>\n<p><strong>When you send us an application for participation in events, programs, or awards <\/strong>(hereinafter: programs) PEN Belarus may obtain information about your citizenship, full name, gender, date of birth, e-mail address, instant messaging, telephone number, place of residence, information about education (including informal), level of foreign language proficiency, place of study\/work, place of previous work, membership in NGOs, participation in educational activities, cooperation with NGOs; information about publications and references to them; special needs, as well as other personal data provided by the programs. In the case of participation in a literary award, information about books, bibliographic data of the author, their biography, and other information necessary for the granting of the literary award.<\/p>\n<p>We use this information to enable participation in our programs and to invite you to participate in future programs; to offer information on future events and programs; to select participants in case of participation in a competition. If you participate in a program on a competitive basis, your personal information is transferred, including to an expert committee. Depending on the grant agreement, personal data may be made available to donors for review.<\/p>\n<p>The program participant&#8217;s data will be kept for the duration of the program, including subsequent activities (e.g., writing a report), extended by additional time required under the terms of the grant agreement and the laws of the Republic of Poland;<\/p>\n<p><strong>2.When PEN Belarus signs a contract with a contractor<\/strong>\u2013 an individual, the following personal data are collected: name, surname, registered address, date of birth, passport or PESEL number, bank account number, and mandatory tax and insurance data.<\/p>\n<p>PEN Belarus uses the information to pay salaries and fulfill other obligations under the contract.<\/p>\n<p>The contractor&#8217;s data will be kept for the duration of the contract or agreement plus a period of 10 years unless otherwise provided by the laws of the Republic of Poland.<\/p>\n<p><strong>3.If you apply for a job at PEN Belarus, PEN Belarus asks you to send a resume <\/strong>(name, surname, e-mail address, and additional specified information).<\/p>\n<p>PEN Belarus uses the information to review job applications or make relevant job offers.<\/p>\n<p>The data will be kept for the period of the applicants&#8217; consideration and then for another two years.<\/p>\n<p><strong>4.When you sign up for the newsletter,<\/strong> PEN Belarus receives your name and email address.<\/p>\n<p>We use the data to send recommended information.<\/p>\n<p>The information is stored until you unsubscribe from the newsletter.<\/p>\n<p><strong>5.When one becomes a member of PEN Belarus, <\/strong>the following data are collected: the name of the legal entity\/the name of the natural person, NIP, KRS numbers of the legal person\/PESEL or ID card number of the natural person, the address of seat\/place of residence, curriculum vitae, a list of publications, books, a list of awards, competitions, projects in which they have participated, and other information provided by Polish legislation or the application form.<\/p>\n<p>We use this information to register a member in the PEN system and send relevant information about our activities.<\/p>\n<p>The data is kept for the period of PEN membership and 5 years after the termination of membership.<\/p>\n<p><strong>6.While you are using our website, we collect technical information (cookies).<\/strong><\/p>\n<p>When you use the PEN service, small files (especially text files) are stored on your terminal device (computer, tablet, smartphone, etc.), which contain information necessary for the use of the PEN service, the so-called cookies. Cookies make it possible to collect statistical data for the PEN website, which allows to develop the business activities of PEN Belarus. Cookies do not contain personal data, are not harmful in any way to your device, and do not change its settings, or the settings of the software installed on it.<\/p>\n<p><strong><u>The right to control your personal information<\/u><\/strong><\/p>\n<p>PEN Belarus guarantees that any person who provides personal information to PEN Belarus has the right to request and receive a copy of all information that PEN Belarus has about the person, and to request correction of inaccurate or outdated information.<\/p>\n<p>If PEN Belarus wishes to use personal information provided to PEN Belarus for a new purpose other than the one for which the information had been originally provided, or for purposes not provided for in this Privacy Policy, PEN Belarus shall make a specific request to individuals for permission to use the personal information, as well as explain the manner and purpose of their use.<\/p>\n<p>You have the right to withdraw consent to the processing and storage of your data by PEN Belarus at any time.<\/p>\n<p><strong>\u00a0<\/strong><\/p>\n<p><strong>Conditions under which PEN Belarus transfers personal data to third parties<\/strong><\/p>\n<p>PEN Belarus confidentially processes personal data and transfers them to other individuals and organizations only with the consent of the person when it is necessary to provide the declared services or those to which the person has consented. In all other cases, PEN Belarus does not transfer personal data to third parties without the express consent of the data subject, except when required by the legislation of the Republic of Poland.<\/p>\n\n<p><strong>Data Retention Policy<\/strong><\/p>\n<p>PEN Belarus strives to ensure that only the data necessary for the effective implementation of its programs, projects, and strategic goals are retained.<\/p>\n<p>PEN Belarus protects the security of personal data by utilizing appropriate technical and organizational measures aimed at preventing illegal data processing and accidental data loss, destruction, and damage.<\/p>\n<p>We do our utmost to ensure that your data is always:<\/p>\n<p>&#8211; processed in compliance with the law,<\/p>\n<p>&#8211; obtained only for the designated purposes and not further processed in a manner incompatible with those purposes,<\/p>\n<p>&#8211; kept no longer than necessary,<\/p>\n<p>&#8211; processed following the rights of data subjects, including the right to object to sharing,<\/p>\n<p>&#8211; transferred only with adequate security.<\/p>\n<p>To increase the security of your data, we recommend the following:<\/p>\n<p>&#8211; using anti-virus software, including regular disk scans for viruses;<\/p>\n<p>&#8211; transferring personal data through trusted computers on which only verified and legal software is installed. Using other people&#8217;s computers poses the risk of personal information being intercepted;<\/p>\n<p>&#8211; not storing information on a computer\/device and deleting browsing history\/deleting correspondence\/logging out of an instant messaging account on someone else&#8217;s device. Stored data can be used by someone after you use the same device.<\/p>\n<p>PEN Belarus makes every effort to avoid duplicating the personal data it stores but acknowledges that in some cases, due to software or other reasons, data may be stored in several places.<\/p>\n<p><strong>Scope of the Regulations<\/strong><\/p>\n<p>These Regulations apply to all data received and stored by PEN Belarus, regardless of where it is stored. The Regulations apply to information collected both in digital and analog form (including photographs, video, and sound recordings), as well as information stored in paper form. Data storage is subject to Polish law, RODO, and relevant international regulations.<\/p>\n<p><strong>Data Destruction Policy<\/strong><\/p>\n<p>PEN Belarus guarantees that it fully controls the personal data it collects and processes. After the expiration of the retention period as stated above, PEN Belarus will destroy the data described in the Regulations.<\/p>\n<p>If a PEN Belarus employee or team member believes that there is a legitimate reason why certain data should not be destroyed after the end of the retention period, they must identify the specific data and inform management why the data should not be destroyed. Any exceptions to the Data Retention Policy must be agreed upon with an authorized person of the PEN Belarus.<\/p>\n<p>Only individuals with authorization granted by the data controller have access to their personal data.<\/p>\n\n<p>PL<\/p>\n<p>Polityka prywatno\u015bci Bia\u0142oruskiego PEN-u (PEN Belarus)<\/p>\n<p>Niniejsza polityka prywatno\u015bci opisuje, jakie informacje zbieramy, w jakim celu i w jaki spos\u00f3b je wykorzystujemy oraz jakie s\u0105 Pa\u0144stwa prawa.<\/p>\n<p>Bia\u0142oruski PEN podchodzi z rewerencj\u0105 do uczestnik\u00f3w programu, darczy\u0144c\u00f3w, partner\u00f3w, wsp\u00f3\u0142w\u0142a\u015bcicieli, pracownik\u00f3w, subskrybent\u00f3w newsletter\u00f3w, os\u00f3b odwiedzaj\u0105cych jego stron\u0119 internetow\u0105 oraz tych, kt\u00f3re powierzaj\u0105 przetwarzanie danych osobowych.<\/p>\n<p>Dane osobowe, kt\u00f3re Pa\u0144stwo podaj\u0105, korzystaj\u0105c z serwisu https:\/\/penbelarus.org\/, wype\u0142niaj\u0105c kwestionariusze, wnioski, formularze elektroniczne kierowane do Bia\u0142oruskiego PEN-u, zawieraj\u0105c umowy, a tak\u017ce zapisuj\u0105c si\u0119 do newslettera Bia\u0142oruskiego PEN-u, s\u0105 przetwarzane przez:<\/p>\n<p><strong>BIA\u0141ORUSKI PEN (PEN BELARUS)<\/strong><\/p>\n<p><strong>Adres: ul.<\/strong> <strong>RYNEK STAREGO MIASTA 2, Warszawa, kod pocztowy 00-272, Polska<\/strong><\/p>\n<p><strong>NIP: 5252914647.<\/strong><\/p>\n<p>kt\u00f3ry jest administratorem tych danych w rozumieniu Rozporz\u0105dzenia Parlamentu Europejskiego i Rady Unii Europejskiej 2016\/679 z dnia 27 kwietnia 2016 r. w sprawie ochrony os\u00f3b fizycznych w zwi\u0105zku z przetwarzaniem danych osobowych i w sprawie nieodp\u0142atnego przep\u0142ywu takich danych, a tak\u017ce o uchyleniu dyrektywy 95\/46\/UE i ustawodawstwa polskiego.<\/p>\n<p>Bia\u0142oruski PEN otrzymuje tylko te dane osobowe, kt\u00f3re zostaj\u0105 podane dobrowolnie i s\u0105 potrzebne do okre\u015blonych cel\u00f3w. Dane osobowe s\u0105 bezpiecznie przechowywane i chronione przed utrat\u0105, zniszczeniem, niew\u0142a\u015bciwym wykorzystaniem i nieautoryzowanym dost\u0119pem.<\/p>\n<p><strong><u>W jakim celu przetwarzane s\u0105 dane osobowe i przez jaki okres s\u0105 przechowywane<\/u><\/strong><\/p>\n<p><strong>1.Gdy dana osoba wysy\u0142a zg\u0142oszenie udzia\u0142u w wydarzeniach, programach, nagrodach <\/strong>(dalej \u2013 programach) Bia\u0142oruski PEN mo\u017ce uzyska\u0107 informacje o obywatelstwie, pe\u0142nym imieniu, p\u0142ci, dacie urodzenia, adresie e-mail, komunikatorach, numerze telefonu, miejscu zamieszkania, informacje o wykszta\u0142ceniu (w tym nieformalnym), poziomie znajomo\u015bci j\u0119zyka obcego, miejscu nauki\/pracy, miejscu wcze\u015bniejszej pracy, przynale\u017cno\u015bci do organizacji pozarz\u0105dowych, uczestnictwie w zaj\u0119ciach edukacyjnych, o wsp\u00f3\u0142pracy z organizacjami pozarz\u0105dowymi; o publikacjach i odniesieniach do nich; specjalnych potrzebach, innych danych osobowych dostarczanych przez programy. W przypadku udzia\u0142u w nagrodzie literackiej zbierane s\u0105 informacje o ksi\u0105\u017ckach, dane bibliograficzne ich autora, jego \u017cyciorys oraz inne informacje niezb\u0119dne do przyznania nagrody literackiej.<\/p>\n<p>U\u017cywamy tych informacji, aby osobi\u015bcie umo\u017cliwi\u0107 Pa\u0144stwu udzia\u0142 w programach, aby zaprosi\u0107 Pa\u0144stwa do udzia\u0142u w kolejnych programach; oferowa\u0107 informacje dotycz\u0105ce przysz\u0142ych wydarze\u0144 i program\u00f3w; do wyboru uczestnik\u00f3w w przypadku udzia\u0142u w konkursie. W przypadku udzia\u0142u w programie na zasadach konkursowych dane osobowe s\u0105 przekazywane, w tym komisji eksperckiej. W zale\u017cno\u015bci od umowy o dofinansowanie dane osobowe mog\u0105 by\u0107 udost\u0119pniane darczy\u0144com do wgl\u0105du.<\/p>\n<p>Dane uczestnika programu b\u0119d\u0105 przechowywane przez okres trwania programu, wliczaj\u0105c w to p\u00f3\u017aniejsze czynno\u015bci (np. napisanie raportu), poszerzone o dodatkowy czas wymagany zgodnie z warunkami umowy o dofinansowanie oraz przepisami prawa Rzeczypospolitej Polskiej;<\/p>\n<p><strong>2.W przypadku podpisania przez Bia\u0142oruski PEN umowy z kontrahentem \u2013 osob\u0105 fizyczn\u0105, <\/strong>zbierane s\u0105 nast\u0119puj\u0105ce dane osobowe: imi\u0119, nazwisko, adres siedziby, data urodzenia, numer paszportu lub PESEL, numer rachunku bankowego, obowi\u0105zkowe dane podatkowe i ubezpieczeniowe.<\/p>\n<p>Bia\u0142oruski PEN wykorzystuje te informacje do wyp\u0142aty wynagrodzenia i wype\u0142nienia innych zobowi\u0105za\u0144 wynikaj\u0105cych z umowy.<\/p>\n<p>Dane kontrahenta b\u0119d\u0105 przechowywane przez okres obowi\u0105zywania umowy lub umowy plus okres 10 lat, chyba \u017ce przepisy prawa Rzeczypospolitej Polskiej stanowi\u0105 inaczej.<\/p>\n<p><strong>3.W przypadku ubiegania si\u0119 o prac\u0119 w Bia\u0142oruskim PEN-ie, Bia\u0142oruski PEN prosi o przes\u0142anie CV<\/strong> (imi\u0119, nazwisko, adres e-mail oraz dodatkowe okre\u015blone informacje).<\/p>\n<p>Bia\u0142oruski PEN wykorzystuje te informacje do przegl\u0105dania poda\u0144 o prac\u0119 lub zg\u0142aszania odpowiednich ofert pracy.<\/p>\n<p>Dane b\u0119d\u0105 przechowywane przez okres rozpatrywania kandydat\u00f3w i potem przez kolejne dwa lata.<\/p>\n<p><strong>4.Gdy dana osoba zapisze si\u0119 do newslettera,<\/strong> Bia\u0142oruski PEN otrzymuje imi\u0119 i nazwisko oraz adres e-mail.<\/p>\n<p>U\u017cywamy tych danych do wysy\u0142ania polecanych informacji.<\/p>\n<p>Informacje s\u0105 przechowywane do momentu wypisania si\u0119 z newslettera.<\/p>\n<p><strong>5.Przy przyst\u0105pieniu do Bia\u0142oruskiego PEN-u <\/strong>zbierane s\u0105: nazwa osoby prawnej\/imi\u0119 i nazwisko osoby fizycznej, NIP, numery KRS osoby prawnej\/PESEL lub numer dowodu osobistego osoby fizycznej, adres siedziby\/miejsce zamieszkania, \u017cyciorys, wykaz publikacji, ksi\u0105\u017cek, wykaz nagr\u00f3d, konkurs\u00f3w, projekt\u00f3w, w kt\u00f3rych brali udzia\u0142, inne informacje zgodne z polskim ustawodawstwem lub formularz zg\u0142oszeniowy.<\/p>\n<p>U\u017cywamy tych informacji, aby zarejestrowa\u0107 znajomego w systemie PEN-u i wys\u0142a\u0107 odpowiednie informacje o dzia\u0142alno\u015bci PEN-u.<\/p>\n<p>Dane s\u0105 przechowywane przez okres cz\u0142onkostwa w PEN-ie oraz 5 lat po ustaniu cz\u0142onkostwa.<\/p>\n<p><strong>6.Podczas korzystania z serwisu gromadzone s\u0105 pliki cookies \u2013 <\/strong>informacje techniczne<strong>.<\/strong><\/p>\n<p>Podczas korzystania z serwisu PEN na urz\u0105dzeniu ko\u0144cowym (komputerze, tablecie, smartfonie itp.) zapisywane s\u0105 niewielkie pliki (w szczeg\u00f3lno\u015bci pliki tekstowe), kt\u00f3re zawieraj\u0105 informacje niezb\u0119dne do korzystania z serwisu PEN, tzw. cookies. Pliki cookies umo\u017cliwiaj\u0105 gromadzenie danych statystyczne dla serwisu PEN, co pozwala rozwija\u0107 dzia\u0142alno\u015b\u0107 Bia\u0142oruskiego PEN-u. Pliki cookies nie zawieraj\u0105 danych osobowych. Pliki te nie s\u0105 w \u017caden spos\u00f3b szkodliwe dla Pa\u0144stwa urz\u0105dze\u0144 i nie zmieniaj\u0105 ich ustawie\u0144 ani ustawie\u0144 zainstalowanego na nim oprogramowania.<\/p>\n<p><strong><u>Prawo osoby do dysponowania danymi osobowymi<\/u><\/strong><\/p>\n<p>Bia\u0142oruski PEN gwarantuje, \u017ce ka\u017cda osoba, kt\u00f3ra przekazuje dane osobowe Bia\u0142oruskiemu PEN-owi, ma prawo za\u017c\u0105da\u0107 i otrzyma\u0107 kopi\u0119 wszystkich informacji, kt\u00f3re PEN o danej osobie posiada, za\u017c\u0105da\u0107 sprostowania niedok\u0142adnych lub nieaktualnych informacji.<\/p>\n<p>Je\u017celi Bia\u0142oruski PEN chce wykorzysta\u0107 dane osobowe przekazane Bia\u0142oruskiemu PEN-owi do nowego celu, innego ni\u017c ten, w kt\u00f3rym informacje zosta\u0142y pierwotnie przekazane, lub do cel\u00f3w nieprzewidzianych w niniejszej Polityce prywatno\u015bci, Bia\u0142oruski PEN kieruje do os\u00f3b fizycznych specjaln\u0105 pro\u015bb\u0119 o zgod\u0119 na wykorzystanie danych osobowych wraz z wyja\u015bnieniem sposobu i celu ich wykorzystania.<\/p>\n<p>Osoba ma prawo w dowolnym momencie wycofa\u0107 zgod\u0119 na przetwarzanie i przechowywanie jej danych osobowych przez Bia\u0142oruski PEN.<\/p>\n<p><strong>Warunki, na jakich Bia\u0142oruski PEN przekazuje dane osobowe podmiotom trzecim<\/strong><\/p>\n<p>Bia\u0142oruski PEN przetwarza dane osobowe w spos\u00f3b poufny i przekazuje je innym osobom i organizacjom wy\u0142\u0105cznie za zgod\u0105 osoby, gdy jest to niezb\u0119dne do \u015bwiadczenia deklarowanych us\u0142ug lub tych, na kt\u00f3re osoba ta wyrazi\u0142a zgod\u0119. We wszystkich innych przypadkach Bia\u0142oruski PEN nie przekazuje danych osobowych osobom trzecim bez wyra\u017anej zgody osoby, kt\u00f3rej dane dotycz\u0105, z wyj\u0105tkiem przypadk\u00f3w, gdy jest to wymagane przez ustawodawstwo Rzeczypospolitej Polskiej.<\/p>\n<p><strong>Zasady przechowywania danych<\/strong><\/p>\n<p>Bia\u0142oruski PEN d\u0105\u017cy do zapewnienia zachowania tylko tych danych, kt\u00f3re s\u0105 niezb\u0119dne do skutecznej realizacji program\u00f3w, projekt\u00f3w oraz realizacji cel\u00f3w strategicznych.<\/p>\n<p>Bia\u0142oruski PEN chroni bezpiecze\u0144stwo danych osobowych za pomoc\u0105 odpowiednich \u015brodk\u00f3w technicznych i organizacyjnych maj\u0105cych na celu zapobieganie nielegalnemu przetwarzaniu danych oraz ich przypadkowej utracie, zniszczeniu i uszkodzeniu.<\/p>\n<p>Dok\u0142adamy wszelkich stara\u0144, aby Pa\u0144stwa dane osobowe zawsze by\u0142y:<\/p>\n<p>\u2013 przetwarzane zgodnie z prawem,<\/p>\n<p>\u2013 pozyskiwane wy\u0142\u0105cznie dla oznaczonych cel\u00f3w i nie by\u0142y dalej przetwarzane w spos\u00f3b niezgodny z tymi celami,<\/p>\n<p>\u2013 przechowywane nie d\u0142u\u017cej ni\u017c to konieczne,<\/p>\n<p>\u2013\u00a0 przetwarzane zgodnie z prawami przys\u0142uguj\u0105cymi osobom, kt\u00f3rych dotycz\u0105, w tym zgodnie z prawem sprzeciwu wobec wsp\u00f3lnego korzystania,<\/p>\n<p>\u2013 przekazywane tylko przy odpowiednim zabezpieczeniu.<\/p>\n<p>Aby zwi\u0119kszy\u0107 bezpiecze\u0144stwo Pa\u0144stwa danych, musz\u0105 Pa\u0144stwo pami\u0119ta\u0107 o nast\u0119puj\u0105cych kwestiach:<\/p>\n<p>\u2013 korzystanie z program\u00f3w antywirusowych, w tym regularne skanowanie dysku w poszukiwaniu wirus\u00f3w;<\/p>\n<p>\u2013 przesy\u0142anie danych osobowych przez zaufane komputery, na kt\u00f3rych zainstalowane jest wy\u0142\u0105cznie sprawdzone i legalne oprogramowanie. Korzystanie z cudzych komputer\u00f3w stwarza ryzyko przechwycenia danych osobowych;<\/p>\n<p>\u2013 nie zapami\u0119tywa\u0107 informacji na komputerze\/urz\u0105dzeniu i usuwa\u0107 histori\u0119 przegl\u0105danych stron\/usuwa\u0107 korespondencj\u0119\/wylogowa\u0107 si\u0119 z konta komunikatora na czyim\u015b urz\u0105dzeniu. Zapisane dane mo\u017ce wykorzysta\u0107 osoba, kt\u00f3ra po Pa\u0144stwie b\u0119dzie korzysta\u0107 z tego samego urz\u0105dzenia.<\/p>\n<p>Bia\u0142oruski PEN stara si\u0119 unika\u0107 powielania danych osobowych, kt\u00f3re przechowuje, ale przyznaje, \u017ce w niekt\u00f3rych przypadkach, z powodu oprogramowania lub innych powod\u00f3w, dane mog\u0105 by\u0107 przechowywane w kilku miejscach.<\/p>\n<p><strong>Zakres Regulaminu<\/strong><\/p>\n<p>Niniejszy Regulamin dotyczy wszystkich danych otrzymywanych i przechowywanych przez Bia\u0142oruski PEN, niezale\u017cnie od miejsca ich przechowywania. Zasady dotycz\u0105 informacji gromadzonych zar\u00f3wno w formie cyfrowej, jak i analogowej (w tym fotografii, nagra\u0144 wideo i d\u017awi\u0119kowych), a tak\u017ce informacji przechowywanych w formie papierowej. Przechowywanie danych podlega prawu polskiemu, RODO oraz odpowiednim przepisom mi\u0119dzynarodowym.<\/p>\n<p><strong>Usuwanie danych osobowych<\/strong><\/p>\n<p>Bia\u0142oruski PEN gwarantuje, \u017ce w pe\u0142ni kontroluje gromadzone i przetwarzane przez siebie dane osobowe. Po up\u0142ywie okresu przechowywania danych, zgodnie z powy\u017cszym, Bia\u0142oruski PEN zniszczy dane opisane w Regulaminie.<\/p>\n<p>Je\u015bli pracownik Bia\u0142oruskiego PEN-u lub cz\u0142onek zespo\u0142u uwa\u017ca, \u017ce \u200b\u200bistnieje uzasadniony pow\u00f3d, dla kt\u00f3rego pewne dane nie powinny zosta\u0107 usuni\u0119te po zako\u0144czeniu okresu przechowywania, musi zidentyfikowa\u0107 konkretne dane i poinformowa\u0107 kierownictwo, dlaczego dane te nie powinny zosta\u0107 usuni\u0119te. Wszelkie wyj\u0105tki od Zasad przechowywania danych musz\u0105 by\u0107 uzgodnione z upowa\u017cnion\u0105 osob\u0105 z Bia\u0142oruskiego PEN-u.<\/p>\n<p>Dost\u0119p do danych osobowych maj\u0105 wy\u0142\u0105cznie osoby posiadaj\u0105ce upowa\u017cnienie nadane przez administratora danych.<\/p>\n","protected":false},"excerpt":{"rendered":"<p>The privacy policy describes what information we collect, for what purpose, how it is used, and, most importantly, \u2013 your rights. PEN Belarus approaches program participants, donors, partners, co-owners, employees, newsletter subscribers, visitors to its website, and those who entrust us with the processing of personal data with reverence. Who processes the personal data? Personal<\/p>\n","protected":false},"author":1,"featured_media":0,"parent":0,"menu_order":0,"comment_status":"closed","ping_status":"closed","template":"","meta":{"footnotes":""},"class_list":["post-12944","page","type-page","status-publish","hentry"],"_links":{"self":[{"href":"https:\/\/penbelarus.org\/en\/wp-json\/wp\/v2\/pages\/12944","targetHints":{"allow":["GET"]}}],"collection":[{"href":"https:\/\/penbelarus.org\/en\/wp-json\/wp\/v2\/pages"}],"about":[{"href":"https:\/\/penbelarus.org\/en\/wp-json\/wp\/v2\/types\/page"}],"author":[{"embeddable":true,"href":"https:\/\/penbelarus.org\/en\/wp-json\/wp\/v2\/users\/1"}],"replies":[{"embeddable":true,"href":"https:\/\/penbelarus.org\/en\/wp-json\/wp\/v2\/comments?post=12944"}],"version-history":[{"count":9,"href":"https:\/\/penbelarus.org\/en\/wp-json\/wp\/v2\/pages\/12944\/revisions"}],"predecessor-version":[{"id":15688,"href":"https:\/\/penbelarus.org\/en\/wp-json\/wp\/v2\/pages\/12944\/revisions\/15688"}],"wp:attachment":[{"href":"https:\/\/penbelarus.org\/en\/wp-json\/wp\/v2\/media?parent=12944"}],"curies":[{"name":"wp","href":"https:\/\/api.w.org\/{rel}","templated":true}]}}