{"id":1259,"date":"2013-07-02T15:41:57","date_gmt":"2013-07-02T15:41:57","guid":{"rendered":"https:\/\/penbelarus.org\/partners\/"},"modified":"2024-09-06T10:41:27","modified_gmt":"2024-09-06T10:41:27","slug":"partners","status":"publish","type":"page","link":"https:\/\/penbelarus.org\/en\/partners.html","title":{"rendered":"PARTNERS"},"content":{"rendered":"<p>PEN International\u00a0<a href=\"https:\/\/pen-international.org\/\" target=\"_blank\" rel=\"noopener external noreferrer nofollow\">pen-international.org<\/a><\/p>\n<p>PEN America\u00a0<a href=\"https:\/\/pen.org\/\" target=\"_blank\" rel=\"noopener external noreferrer nofollow\">pen.org<\/a><\/p>\n<p>PEN Latvia\u00a0<a href=\"https:\/\/www.facebook.com\/latvijasPEN\/\" target=\"_blank\" rel=\"noopener external noreferrer nofollow\">www.facebook.com\/latvijasPEN<\/a><\/p>\n<p>PEN Moscow<\/p>\n<p>PEN Norway\u00a0<a href=\"https:\/\/norskpen.no\/\" target=\"_blank\" rel=\"noopener external noreferrer nofollow\">norskpen.no<\/a><\/p>\n<p>PEN Poland\u00a0<a href=\"http:\/\/penclub.com.pl\/\" target=\"_blank\" rel=\"noopener noreferrer nofollow\">http:\/\/penclub.com.pl\/<\/a><\/p>\n<p>PEN St. Petersburg\u00a0<a href=\"https:\/\/spbpenclub.wordpress.com\/\" target=\"_blank\" rel=\"noopener external noreferrer nofollow\">spbpenclub.wordpress.com<\/a><\/p>\n<p>PEN Ukraine\u00a0<a href=\"http:\/\/pen.org.ua\/\" target=\"_blank\" rel=\"noopener external noreferrer nofollow\">pen.org.ua<\/a><\/p>\n<p>PEN Finland\u00a0<a href=\"https:\/\/www.suomenpen.fi\/\" target=\"_blank\" rel=\"noopener external noreferrer nofollow\">www.suomenpen.fi<\/a><\/p>\n<p>PEN Sweden\u00a0<a href=\"https:\/\/www.svenskapen.se\/\" target=\"_blank\" rel=\"noopener external noreferrer nofollow\">www.svenskapen.se<\/a><\/p>\n<p>PEN Estonia\u00a0<a href=\"https:\/\/pen-international.org\/centres\/estonian-centre\" target=\"_blank\" rel=\"noopener external noreferrer nofollow\">pen-international.org\/centres\/estonian-centre<\/a><\/p>\n\n<p>Borovtsov&#038;Salei Law Firm\u00a0<a href=\"https:\/\/www.borovtsovsalei.com\/\" target=\"_blank\" rel=\"noopener external noreferrer nofollow\">www.borovtsovsalei.com<\/a><\/p>\n<p>Akademkniha Book Shop\u00a0<a href=\"https:\/\/akademkniga.by\/\" target=\"_blank\" rel=\"noopener external noreferrer nofollow\">akademkniga.by<\/a><\/p>\n<p>British Embassy in Minsk\u00a0<a href=\"https:\/\/www.gov.uk\/world\/belarus\" target=\"_blank\" rel=\"noopener external noreferrer nofollow\">www.gov.uk\/world\/belarus<\/a><\/p>\n<p>Embassy of Lithuania in Minsk\u00a0<a href=\"https:\/\/by.mfa.lt\/\" target=\"_blank\" rel=\"noopener external noreferrer nofollow\">by.mfa.lt<\/a><\/p>\n<p>Embassy of Poland in Minsk\u00a0<a href=\"https:\/\/minsk.msz.gov.pl\/\" target=\"_blank\" rel=\"noopener external noreferrer nofollow\">minsk.msz.gov.pl<\/a><\/p>\n<p>Embassy of Ukraine in Minsk\u00a0<a href=\"https:\/\/belarus.mfa.gov.ua\/\" target=\"_blank\" rel=\"noopener external noreferrer nofollow\">belarus.mfa.gov.ua<\/a><\/p>\n<p>Belarusian Collegium\u00a0<a href=\"https:\/\/belcollegium.by\/\" target=\"_blank\" rel=\"noopener external noreferrer nofollow\">belcollegium.by<\/a><\/p>\n<p>Belarusian Union of Designers\u00a0<a href=\"https:\/\/www.unid.by\/\" target=\"_blank\" rel=\"noopener external noreferrer nofollow\">www.unid.by<\/a><\/p>\n<p>Lohvina\u016d Publishing House and Book Shop\u00a0<a href=\"https:\/\/lohvinau.by\/\" target=\"_blank\" rel=\"noopener external noreferrer nofollow\">lohvinau.by<\/a><\/p>\n<p>Janu\u0161kievi\u010d Publishing House\u00a0<a href=\"https:\/\/januskevic.by\/\" target=\"_blank\" rel=\"noopener external noreferrer nofollow\">januskevic.by<\/a><\/p>\n<p>Belarusian Human Rights House\u00a0<a href=\"https:\/\/humanrightshouse.org\/\" target=\"_blank\" rel=\"noopener external noreferrer nofollow\">humanrightshouse.org<\/a><\/p>\n<p>World Association of Belarusians \u201cBa\u0107ka\u016d\u0161\u010dyna\u201d\u00a0<a href=\"https:\/\/zbsb.org\/\" target=\"_blank\" rel=\"noopener external noreferrer nofollow\">zbsb.org<\/a><\/p>\n<p>Adam Mickiewicz Institute\u00a0<a href=\"https:\/\/iam.pl\/\" target=\"_blank\" rel=\"noopener external noreferrer nofollow\">iam.pl<\/a><\/p>\n<p>Goethe Institute in Minsk\u00a0<a href=\"https:\/\/www.goethe.de\/\" target=\"_blank\" rel=\"noopener external noreferrer nofollow\">www.goethe.de<\/a><\/p>\n<p>Lyrikline\u00a0<a href=\"https:\/\/www.lyrikline.org\/\" target=\"_blank\" rel=\"noopener external noreferrer nofollow\">www.lyrikline.org<\/a><\/p>\n<p>Flying University\u00a0<a href=\"https:\/\/fly-uni.org\/\" target=\"_blank\" rel=\"noopener external noreferrer nofollow\">fly-uni.org<\/a><\/p>\n<p>Viartannie Foundation\u00a0<a href=\"http:\/\/viartannie.by\/\" target=\"_blank\" rel=\"noopener external noreferrer nofollow\">viartannie.by<\/a><\/p>\n<p>Polish Institute in Minsk\u00a0<a href=\"http:\/\/www.instpol.by\/\" target=\"_blank\" rel=\"noopener external noreferrer nofollow\">www.instpol.by<\/a><\/p>\n<p>Svetlana Alexievich\u00a0<a href=\"http:\/\/alexievich.info\/\" target=\"_blank\" rel=\"noopener external noreferrer nofollow\">alexievich.info<\/a><\/p>\n<p>Terasoft\u00a0<a href=\"https:\/\/svaje.by\/it-%D0%BA%D0%B0%D0%BC%D0%BF%D0%B0%D0%BD%D1%96%D1%96\/%D1%82%D1%8D%D1%80%D0%B0%D1%81%D0%BE%D1%84%D1%82-terrasoft\" target=\"_blank\" rel=\"noopener external noreferrer nofollow\">svaje.by\/it-\u043a\u0430\u043c\u043f\u0430\u043d\u0456\u0456\/\u0442\u044d\u0440\u0430\u0441\u043e\u0444\u0442-terrasoft<\/a><\/p>\n<p>Union of Belarusian Writers\u00a0<a href=\"https:\/\/lit-bel.org\/\" target=\"_blank\" rel=\"noopener external noreferrer nofollow\">lit-bel.org<\/a><\/p>\n<p>Expcapital\u00a0<a href=\"https:\/\/expcapital.com\/\" target=\"_blank\" rel=\"noopener external noreferrer nofollow\">expcapital.com<\/a><\/p>\n<p>TV Channel Belsat\u00a0<a href=\"https:\/\/belsat.eu\/\" target=\"_blank\" rel=\"noopener external noreferrer nofollow\">belsat.eu<\/a><\/p>\n<p>Open Culture Foundation\u00a0<a href=\"http:\/\/fundacjaopenculture.org\/\" target=\"_blank\" rel=\"noopener external noreferrer nofollow\">fundacjaopenculture.org<\/a><\/p>\n<p>Orsa-Romano Cultural and Educational Foundation<\/p>\n<p>H&#038;L Group<\/p>\n<p>Charity Fund of Association of Belarusians in Great Britain<\/p>\n<p>Online magazine of translated literature PrajdziSviet\u00a0<a href=\"http:\/\/prajdzisvet.org\/\" target=\"_blank\" rel=\"noopener external noreferrer nofollow\">prajdzisvet.org<\/a><\/p>\n<p>Yury Zisser\u00a0<a href=\"https:\/\/www.facebook.com\/yzisser\" target=\"_blank\" rel=\"noopener external noreferrer nofollow\">www.facebook.com\/yzisser<\/a><\/p>\n<p>Belarusian Charitable Trust\u00a0Limited<\/p>\n","protected":false},"excerpt":{"rendered":"<p>PEN International\u00a0pen-international.org PEN America\u00a0pen.org PEN Latvia\u00a0www.facebook.com\/latvijasPEN PEN Moscow PEN Norway\u00a0norskpen.no PEN Poland\u00a0http:\/\/penclub.com.pl\/ PEN St. Petersburg\u00a0spbpenclub.wordpress.com PEN Ukraine\u00a0pen.org.ua PEN Finland\u00a0www.suomenpen.fi PEN Sweden\u00a0www.svenskapen.se PEN Estonia\u00a0pen-international.org\/centres\/estonian-centre Borovtsov&#038;Salei Law Firm\u00a0www.borovtsovsalei.com Akademkniha Book Shop\u00a0akademkniga.by British Embassy in Minsk\u00a0www.gov.uk\/world\/belarus Embassy of Lithuania in Minsk\u00a0by.mfa.lt Embassy of Poland in Minsk\u00a0minsk.msz.gov.pl Embassy of Ukraine in Minsk\u00a0belarus.mfa.gov.ua Belarusian Collegium\u00a0belcollegium.by Belarusian Union of Designers\u00a0www.unid.by Lohvina\u016d<\/p>\n","protected":false},"author":1,"featured_media":0,"parent":0,"menu_order":0,"comment_status":"closed","ping_status":"closed","template":"","meta":{"footnotes":""},"class_list":["post-1259","page","type-page","status-publish","hentry"],"_links":{"self":[{"href":"https:\/\/penbelarus.org\/en\/wp-json\/wp\/v2\/pages\/1259","targetHints":{"allow":["GET"]}}],"collection":[{"href":"https:\/\/penbelarus.org\/en\/wp-json\/wp\/v2\/pages"}],"about":[{"href":"https:\/\/penbelarus.org\/en\/wp-json\/wp\/v2\/types\/page"}],"author":[{"embeddable":true,"href":"https:\/\/penbelarus.org\/en\/wp-json\/wp\/v2\/users\/1"}],"replies":[{"embeddable":true,"href":"https:\/\/penbelarus.org\/en\/wp-json\/wp\/v2\/comments?post=1259"}],"version-history":[{"count":12,"href":"https:\/\/penbelarus.org\/en\/wp-json\/wp\/v2\/pages\/1259\/revisions"}],"predecessor-version":[{"id":16756,"href":"https:\/\/penbelarus.org\/en\/wp-json\/wp\/v2\/pages\/1259\/revisions\/16756"}],"wp:attachment":[{"href":"https:\/\/penbelarus.org\/en\/wp-json\/wp\/v2\/media?parent=1259"}],"curies":[{"name":"wp","href":"https:\/\/api.w.org\/{rel}","templated":true}]}}